{"id":242,"date":"2016-10-20T10:48:07","date_gmt":"2016-10-20T08:48:07","guid":{"rendered":"https:\/\/www.alp-attitude.ski\/en\/?page_id=242"},"modified":"2017-11-28T11:33:49","modified_gmt":"2017-11-28T10:33:49","slug":"mentions-legales","status":"publish","type":"page","link":"https:\/\/www.alp-attitude.ski\/en\/mentions-legales\/","title":{"rendered":"Mentions l\u00e9gales"},"content":{"rendered":"<div id='av-layout-grid-1'  class='av-layout-grid-container av-av_layout_row-caf1f26e08707a2ebe9176b630e736c2 entry-content-wrapper main_color av-flex-cells  avia-builder-el-0  el_before_av_one_full  avia-builder-el-first   container_wrap sidebar_right'  >\n\n<style type=\"text\/css\" data-created_by=\"avia_inline_auto\" id=\"style-css-av-av_cell_one_half-0db16141bc36c829fcce99f51e50a8c7\">\n.flex_cell.av-av_cell_one_half-0db16141bc36c829fcce99f51e50a8c7{\nvertical-align:top;\nbackground-color:#a9c4d8;\n}\n.responsive #top #wrap_all .flex_cell.av-av_cell_one_half-0db16141bc36c829fcce99f51e50a8c7{\npadding:9px 0px 0px 0px !important;\n}\n<\/style>\n<div class='flex_cell av-av_cell_one_half-0db16141bc36c829fcce99f51e50a8c7 av-gridrow-cell av_one_half no_margin  avia-builder-el-1  el_before_av_cell_one_half  avia-builder-el-first '  ><div class='flex_cell_inner'><\/div><\/div>\n<style type=\"text\/css\" data-created_by=\"avia_inline_auto\" id=\"style-css-av-av_cell_one_half-c91e97f904467f2d1814961f77de2f79\">\n.flex_cell.av-av_cell_one_half-c91e97f904467f2d1814961f77de2f79{\nvertical-align:top;\nbackground-color:#cfdde8;\n}\n.responsive #top #wrap_all .flex_cell.av-av_cell_one_half-c91e97f904467f2d1814961f77de2f79{\npadding:9px 0px 0px 0px !important;\n}\n<\/style>\n<div class='flex_cell av-av_cell_one_half-c91e97f904467f2d1814961f77de2f79 av-gridrow-cell av_one_half no_margin  avia-builder-el-2  el_after_av_cell_one_half  avia-builder-el-last '  ><div class='flex_cell_inner'><\/div><\/div>\n<\/div><div id='after_grid_row_1'  class='main_color av_default_container_wrap container_wrap sidebar_right'  ><div class='container av-section-cont-open' ><div class='template-page content  av-content-small alpha units'><div class='post-entry post-entry-type-page post-entry-242'><div class='entry-content-wrapper clearfix'>\n\n<style type=\"text\/css\" data-created_by=\"avia_inline_auto\" id=\"style-css-av-av_one_full-6126cab7d8fab8d08143dd2dacdf673c\">\n.flex_column.av-av_one_full-6126cab7d8fab8d08143dd2dacdf673c{\nborder-radius:0px 0px 0px 0px;\npadding:0px 0px 0px 0px;\n}\n<\/style>\n<div  class='flex_column av-av_one_full-6126cab7d8fab8d08143dd2dacdf673c av_one_full  avia-builder-el-3  el_after_av_layout_row  el_before_av_section  avia-builder-el-no-sibling  first flex_column_div av-zero-column-padding  '     ><p>\n<style type=\"text\/css\" data-created_by=\"avia_inline_auto\" id=\"style-css-av-av_heading-cf7edc67dcd57933765948fe6b5a9095\">\n#top .av-special-heading.av-av_heading-cf7edc67dcd57933765948fe6b5a9095{\npadding-bottom:20px;\nfont-size:40px;\n}\nbody .av-special-heading.av-av_heading-cf7edc67dcd57933765948fe6b5a9095 .av-special-heading-tag .heading-char{\nfont-size:25px;\n}\n#top #wrap_all .av-special-heading.av-av_heading-cf7edc67dcd57933765948fe6b5a9095 .av-special-heading-tag{\nfont-size:40px;\n}\n.av-special-heading.av-av_heading-cf7edc67dcd57933765948fe6b5a9095 .av-subheading{\nfont-size:15px;\n}\n\n@media only screen and (min-width: 480px) and (max-width: 767px){ \n#top #wrap_all .av-special-heading.av-av_heading-cf7edc67dcd57933765948fe6b5a9095 .av-special-heading-tag{\nfont-size:0.8em;\n}\n}\n\n@media only screen and (max-width: 479px){ \n#top #wrap_all .av-special-heading.av-av_heading-cf7edc67dcd57933765948fe6b5a9095 .av-special-heading-tag{\nfont-size:0.8em;\n}\n}\n<\/style>\n<div  class='av-special-heading av-av_heading-cf7edc67dcd57933765948fe6b5a9095 av-special-heading-h1 blockquote modern-quote  avia-builder-el-4  el_before_av_textblock  avia-builder-el-first  av-thin-font av-inherit-size'><h1 class='av-special-heading-tag '  itemprop=\"headline\"  ><strong>Legal mentions<\/strong> Alp\u2019attitude<\/h1><div class=\"special-heading-border\"><div class=\"special-heading-inner-border\"><\/div><\/div><\/div><br \/>\n<section  class='av_textblock_section av-av_textblock-0366cc7376be6c9e82a3e9cc8987b64f '   itemscope=\"itemscope\" itemtype=\"https:\/\/schema.org\/CreativeWork\" ><div class='avia_textblock'  itemprop=\"text\" ><p><strong>\u00c9DITEUR<\/strong><br \/>\nLe site\u00a0<a href=\"https:\/\/www.alp-attitude.ski\/\">www.alp-attitude.ski<\/a>\u00a0est \u00e9dit\u00e9 par le commit\u00e9 d\u2019entreprise de la soci\u00e9t\u00e9 Alp Attitude.<\/p>\n<p><strong>CONTACT<\/strong><br \/>\nImmeuble Le Candide \u2013 Le Hammeau de Mottaret \u2013 73550 M\u00e9ribel<br \/>\nT\u00e9l\u00e9phone : +33 (0)4 79 00 40 41<br \/>\nEmail : <a href=\"mailto:alp.attitude@orange.fr\">alp.attitude@orange.fr<\/a><\/p>\n<p><strong>DIRECTION<\/strong><br \/>\nLa publication du site est plac\u00e9e sous la direction de Mr Barret David<\/p>\n<p><strong>H\u00c9BERGEUR<\/strong><br \/>\nLe site Internet\u00a0<a href=\"https:\/\/www.alp-attitude.ski\/\">www.alp-attitude.ski<\/a>\u00a0est h\u00e9berg\u00e9 par la soci\u00e9t\u00e9 OVH, SAS au capital de 10 000 000 euros, immatricul\u00e9e au RCS de Roubaix-Tourcoing sous le n\u00b0 424 761 419 00045.<br \/>\nSi\u00e8ge social : 2 rue Kellerman 59100 Roubaix France.<\/p>\n<p><strong>INFORMATIQUE ET LIBERT\u00c9S<\/strong><br \/>\nL\u2019utilisateur de ce site dispose d\u2019un droit d\u2019acc\u00e8s, de modification et de suppression des informations personnelles qu\u2019il aura communiqu\u00e9es \u00e0 Alp Attitude. Pour toute demande, \u00e9crire \u00e0 : david.barret0970@orange.fr<\/p>\n<p><strong>CR\u00c9DITS<\/strong><br \/>\nLes droits de reproduction ou de citation sont soumis \u00e0 autorisation pr\u00e9alable, les photographies pr\u00e9sentes sur le site font l\u2019objet de droits r\u00e9serv\u00e9s<br \/>\n\u00a9JM Gouedard \u00a9M\u00e9ribel Tourisme<\/p>\n<p><strong>CONFIDENTIALIT\u00c9<\/strong><br \/>\nConform\u00e9ment \u00e0 la loi \u00ab Informatique et Libert\u00e9 \u00bb du 06 Janvier 1978, vous b\u00e9n\u00e9ficiez d\u2019un droit d\u2019acc\u00e8s, de rectification, de modification et de suppression aux donn\u00e9es vous concernant.<\/p>\n<p>Vous pouvez exercer ce droit en nous envoyant par email : david.barret0970@orange.fr<\/p>\n<p><strong>D\u00c9VELOPPEMENT<\/strong><br \/>\nLe site internet est r\u00e9alis\u00e9 par\u00a0<a href=\"https:\/\/www.rapheo-web.fr\/\">www.rapheo-web.fr<\/a><\/p>\n<\/div><\/section><\/p><\/div><\/div><\/div><\/div><!-- close content main div --><\/div><\/div>\n<style type=\"text\/css\" data-created_by=\"avia_inline_auto\" id=\"style-css-av-av_section-05c3bb1417719e3c0bacb19c8a8c980a\">\n.avia-section.av-av_section-05c3bb1417719e3c0bacb19c8a8c980a{\nbackground-repeat:no-repeat;\nbackground-image:url(https:\/\/www.alp-attitude.ski\/wp-content\/uploads\/2016\/10\/bg-sapin.png);\nbackground-position:50% 100%;\nbackground-attachment:scroll;\n}\n<\/style>\n<div id='av_section_1'  class='avia-section av-av_section-05c3bb1417719e3c0bacb19c8a8c980a main_color avia-section-no-padding avia-no-border-styling  avia-builder-el-6  el_after_av_one_full  avia-builder-el-last  avia-full-stretch avia-bg-style-scroll av-minimum-height av-minimum-height-custom av-height-custom  container_wrap sidebar_right'  data-section-bg-repeat='stretch' data-av_minimum_height_px='250'><div class='container av-section-cont-open' style='height:250px'><div class='template-page content  av-content-small alpha units'><div class='post-entry post-entry-type-page post-entry-242'><div class='entry-content-wrapper clearfix'><\/div><\/div><\/div><!-- close content main div --><\/div><\/div><div id='after_section_1'  class='main_color av_default_container_wrap container_wrap sidebar_right'  ><div class='container av-section-cont-open' ><div class='template-page content  av-content-small alpha units'><div class='post-entry post-entry-type-page post-entry-242'><div class='entry-content-wrapper clearfix'><\/p>\n","protected":false},"excerpt":{"rendered":"","protected":false},"author":1,"featured_media":0,"parent":0,"menu_order":0,"comment_status":"closed","ping_status":"closed","template":"","meta":{"footnotes":""},"class_list":["post-242","page","type-page","status-publish","hentry"],"_links":{"self":[{"href":"https:\/\/www.alp-attitude.ski\/en\/wp-json\/wp\/v2\/pages\/242","targetHints":{"allow":["GET"]}}],"collection":[{"href":"https:\/\/www.alp-attitude.ski\/en\/wp-json\/wp\/v2\/pages"}],"about":[{"href":"https:\/\/www.alp-attitude.ski\/en\/wp-json\/wp\/v2\/types\/page"}],"author":[{"embeddable":true,"href":"https:\/\/www.alp-attitude.ski\/en\/wp-json\/wp\/v2\/users\/1"}],"replies":[{"embeddable":true,"href":"https:\/\/www.alp-attitude.ski\/en\/wp-json\/wp\/v2\/comments?post=242"}],"version-history":[{"count":3,"href":"https:\/\/www.alp-attitude.ski\/en\/wp-json\/wp\/v2\/pages\/242\/revisions"}],"predecessor-version":[{"id":324,"href":"https:\/\/www.alp-attitude.ski\/en\/wp-json\/wp\/v2\/pages\/242\/revisions\/324"}],"wp:attachment":[{"href":"https:\/\/www.alp-attitude.ski\/en\/wp-json\/wp\/v2\/media?parent=242"}],"curies":[{"name":"wp","href":"https:\/\/api.w.org\/{rel}","templated":true}]}}